{"id":153,"date":"2020-12-03T23:59:52","date_gmt":"2020-12-03T23:59:52","guid":{"rendered":"http:\/\/med-space.org\/youssef-zaz-master\/?page_id=153"},"modified":"2020-12-14T17:35:02","modified_gmt":"2020-12-14T17:35:02","slug":"applications-va","status":"publish","type":"page","link":"https:\/\/yzaz.net\/master\/applications-va\/","title":{"rendered":"Applications de vision artificielle"},"content":{"rendered":"<p>Il existe plusieurs applications de la vision artificille. Voici quelques exemples:<\/p>\n<h2>Imagerie m\u00e9dicale<\/h2>\n<p><img loading=\"lazy\" decoding=\"async\" class=\"size-full wp-image-526 alignright\" src=\"http:\/\/med-space.org\/youssef-zaz-master\/wp-content\/uploads\/2020\/12\/Ecographie.jpg\" alt=\"\" width=\"294\" height=\"209\" \/><\/p>\n<p>&nbsp;<\/p>\n<p>L\u2019\u00e9chographie est une technique m\u00e9dicale qui permet l\u2019exploration du corps humain utilisant des ultrasons.<\/p>\n<p>&nbsp;<\/p>\n<p>&nbsp;<\/p>\n<p>&nbsp;<\/p>\n<p><img loading=\"lazy\" decoding=\"async\" class=\" wp-image-528 alignleft\" src=\"http:\/\/med-space.org\/youssef-zaz-master\/wp-content\/uploads\/2020\/12\/irm-genou-300x169.jpg\" alt=\"\" width=\"185\" height=\"104\" srcset=\"https:\/\/yzaz.net\/master\/wp-content\/uploads\/2020\/12\/irm-genou-300x169.jpg 300w, https:\/\/yzaz.net\/master\/wp-content\/uploads\/2020\/12\/irm-genou-768x432.jpg 768w, https:\/\/yzaz.net\/master\/wp-content\/uploads\/2020\/12\/irm-genou-678x381.jpg 678w, https:\/\/yzaz.net\/master\/wp-content\/uploads\/2020\/12\/irm-genou.jpg 1024w\" sizes=\"(max-width: 185px) 100vw, 185px\" \/><\/p>\n<p><img loading=\"lazy\" decoding=\"async\" class=\"wp-image-494 alignleft\" src=\"http:\/\/med-space.org\/youssef-zaz-master\/wp-content\/uploads\/2020\/12\/image-IRM-225x300.jpg\" alt=\"\" width=\"133\" height=\"177\" srcset=\"https:\/\/yzaz.net\/master\/wp-content\/uploads\/2020\/12\/image-IRM-225x300.jpg 225w, https:\/\/yzaz.net\/master\/wp-content\/uploads\/2020\/12\/image-IRM-768x1024.jpg 768w, https:\/\/yzaz.net\/master\/wp-content\/uploads\/2020\/12\/image-IRM-1152x1536.jpg 1152w, https:\/\/yzaz.net\/master\/wp-content\/uploads\/2020\/12\/image-IRM.jpg 1200w\" sizes=\"(max-width: 133px) 100vw, 133px\" \/><\/p>\n<p>&nbsp;<\/p>\n<p>L\u2019IRM (Imagerie par R\u00e9sonance Magn\u00e9tique) utilise un champ magn\u00e9tique et des ondes radio.<\/p>\n<p>&nbsp;<\/p>\n<p><img loading=\"lazy\" decoding=\"async\" class=\"size-medium wp-image-530 alignright\" src=\"http:\/\/med-space.org\/youssef-zaz-master\/wp-content\/uploads\/2020\/12\/image-tep-300x202.jpg\" alt=\"\" width=\"300\" height=\"202\" srcset=\"https:\/\/yzaz.net\/master\/wp-content\/uploads\/2020\/12\/image-tep-300x202.jpg 300w, https:\/\/yzaz.net\/master\/wp-content\/uploads\/2020\/12\/image-tep.jpg 374w\" sizes=\"(max-width: 300px) 100vw, 300px\" \/><\/p>\n<p>&nbsp;<\/p>\n<p>Tomographie par \u00e9mission de positons ou TEP en anglais(PET &#8211; Positron Emission Tomography).<\/p>\n<p>TEP est un examen d&#8217;imagerie m\u00e9dicale fonctionnelle qui permet de mesurer en trois dimensions l&#8217;activit\u00e9 m\u00e9tabolique des tissus.<\/p>\n<p>&nbsp;<\/p>\n<p><img loading=\"lazy\" decoding=\"async\" class=\"size-medium wp-image-532 alignleft\" src=\"http:\/\/med-space.org\/youssef-zaz-master\/wp-content\/uploads\/2020\/12\/medical-3D-293x300.jpg\" alt=\"\" width=\"293\" height=\"300\" srcset=\"https:\/\/yzaz.net\/master\/wp-content\/uploads\/2020\/12\/medical-3D-293x300.jpg 293w, https:\/\/yzaz.net\/master\/wp-content\/uploads\/2020\/12\/medical-3D.jpg 706w\" sizes=\"(max-width: 293px) 100vw, 293px\" \/><\/p>\n<p>&nbsp;<\/p>\n<p>&nbsp;<\/p>\n<p>Imagerie m\u00e9dicale 3D<\/p>\n<p>&nbsp;<\/p>\n<p><img loading=\"lazy\" decoding=\"async\" class=\"size-medium wp-image-533 alignright\" src=\"http:\/\/med-space.org\/youssef-zaz-master\/wp-content\/uploads\/2020\/12\/segmentation-image-medicale-300x148.png\" alt=\"\" width=\"300\" height=\"148\" srcset=\"https:\/\/yzaz.net\/master\/wp-content\/uploads\/2020\/12\/segmentation-image-medicale-300x148.png 300w, https:\/\/yzaz.net\/master\/wp-content\/uploads\/2020\/12\/segmentation-image-medicale.png 607w\" sizes=\"(max-width: 300px) 100vw, 300px\" \/><\/p>\n<p>&nbsp;<\/p>\n<p>&nbsp;<\/p>\n<p>&nbsp;<\/p>\n<p>&nbsp;<\/p>\n<p>&nbsp;<\/p>\n<p>Segmentation du rein<\/p>\n<p>(scanner abdominal)<\/p>\n<p>&nbsp;<\/p>\n<h3>Reconnaissance optique de caract\u00e8res (OCR)<\/h3>\n<p><img loading=\"lazy\" decoding=\"async\" class=\"size-medium wp-image-531 alignleft\" src=\"http:\/\/med-space.org\/youssef-zaz-master\/wp-content\/uploads\/2020\/12\/freeocr-300x209.png\" alt=\"\" width=\"300\" height=\"209\" srcset=\"https:\/\/yzaz.net\/master\/wp-content\/uploads\/2020\/12\/freeocr-300x209.png 300w, https:\/\/yzaz.net\/master\/wp-content\/uploads\/2020\/12\/freeocr.png 575w\" sizes=\"(max-width: 300px) 100vw, 300px\" \/><\/p>\n<p>&nbsp;<\/p>\n<p class=\"zeta py0p5\">L&#8217;OCR permet d&#8217;analyser et convertir une image scann\u00e9e contenant un texte imprim\u00e9. Certains OCR sert \u00e9galement \u00e0 reconna\u00eetre du texte manusrit et parfois m\u00eame en temps r\u00e9el des caract\u00e8res \u00e9crits sur un <span class=\"link-wrapper\">\u00e9cran tactile<\/span>.<\/p>\n<p>&nbsp;<\/p>\n<h2>R\u00e9alit\u00e9 virtuelle<\/h2>\n<p>Plusieurs domaines utilisent la r\u00e9alit\u00e9 virtuelle telque l&#8217;architure:<\/p>\n<p><img loading=\"lazy\" decoding=\"async\" class=\"aligncenter wp-image-534 size-full\" src=\"http:\/\/med-space.org\/youssef-zaz-master\/wp-content\/uploads\/2020\/12\/realite-virtuelle.jpg\" alt=\"\" width=\"600\" height=\"450\" srcset=\"https:\/\/yzaz.net\/master\/wp-content\/uploads\/2020\/12\/realite-virtuelle.jpg 600w, https:\/\/yzaz.net\/master\/wp-content\/uploads\/2020\/12\/realite-virtuelle-300x225.jpg 300w, https:\/\/yzaz.net\/master\/wp-content\/uploads\/2020\/12\/realite-virtuelle-326x245.jpg 326w, https:\/\/yzaz.net\/master\/wp-content\/uploads\/2020\/12\/realite-virtuelle-80x60.jpg 80w\" sizes=\"(max-width: 600px) 100vw, 600px\" \/><\/p>\n<h2>R\u00e9alit\u00e9 augment\u00e9e<\/h2>\n<p><img loading=\"lazy\" decoding=\"async\" class=\"aligncenter wp-image-535 size-mh-magazine-lite-content\" src=\"http:\/\/med-space.org\/youssef-zaz-master\/wp-content\/uploads\/2020\/12\/3d-realite-augmentee-678x381.jpg\" alt=\"\" width=\"678\" height=\"381\" \/><\/p>\n<h2>Reconnaissance d&#8217;objets<\/h2>\n<p><img loading=\"lazy\" decoding=\"async\" class=\"aligncenter wp-image-536 size-full\" src=\"http:\/\/med-space.org\/youssef-zaz-master\/wp-content\/uploads\/2020\/12\/reconnaissance-objets.jpg\" alt=\"\" width=\"600\" height=\"236\" srcset=\"https:\/\/yzaz.net\/master\/wp-content\/uploads\/2020\/12\/reconnaissance-objets.jpg 600w, https:\/\/yzaz.net\/master\/wp-content\/uploads\/2020\/12\/reconnaissance-objets-300x118.jpg 300w\" sizes=\"(max-width: 600px) 100vw, 600px\" \/><\/p>\n<h3>Conduite intelligente<\/h3>\n<p><img loading=\"lazy\" decoding=\"async\" class=\"aligncenter wp-image-537 size-mh-magazine-lite-content\" src=\"http:\/\/med-space.org\/youssef-zaz-master\/wp-content\/uploads\/2020\/12\/intelligence-artificielle-678x381.jpg\" alt=\"\" width=\"678\" height=\"381\" \/><\/p>\n<h2>Robotique<\/h2>\n<p><img loading=\"lazy\" decoding=\"async\" class=\"size-medium wp-image-538 alignright\" src=\"http:\/\/med-space.org\/youssef-zaz-master\/wp-content\/uploads\/2020\/12\/robot-300x225.jpg\" alt=\"\" width=\"300\" height=\"225\" srcset=\"https:\/\/yzaz.net\/master\/wp-content\/uploads\/2020\/12\/robot-300x225.jpg 300w, https:\/\/yzaz.net\/master\/wp-content\/uploads\/2020\/12\/robot-678x509.jpg 678w, https:\/\/yzaz.net\/master\/wp-content\/uploads\/2020\/12\/robot-326x245.jpg 326w, https:\/\/yzaz.net\/master\/wp-content\/uploads\/2020\/12\/robot-80x60.jpg 80w, https:\/\/yzaz.net\/master\/wp-content\/uploads\/2020\/12\/robot.jpg 700w\" sizes=\"(max-width: 300px) 100vw, 300px\" \/><\/p>\n<p>&nbsp;<\/p>\n<p>Certains robots sont \u00e9quip\u00e9s de cam\u00e9ra. L&#8217;analyse des images re\u00e7ues permet d&#8217;automatiser la tache de reconnaissance des objets et des obstacles.<\/p>\n<p>&nbsp;<\/p>\n<p>&nbsp;<\/p>\n<p>&nbsp;<\/p>\n","protected":false},"excerpt":{"rendered":"<div class=\"mh-excerpt\"><p>Il existe plusieurs applications de la vision artificille. Voici quelques exemples: Imagerie m\u00e9dicale &nbsp; L\u2019\u00e9chographie est une technique m\u00e9dicale qui permet l\u2019exploration du corps humain <a class=\"mh-excerpt-more\" href=\"https:\/\/yzaz.net\/master\/applications-va\/\" title=\"Applications de vision artificielle\">[&#8230;]<\/a><\/p>\n<\/div>","protected":false},"author":1,"featured_media":0,"parent":0,"menu_order":10,"comment_status":"closed","ping_status":"closed","template":"","meta":{"footnotes":""},"_links":{"self":[{"href":"https:\/\/yzaz.net\/master\/wp-json\/wp\/v2\/pages\/153"}],"collection":[{"href":"https:\/\/yzaz.net\/master\/wp-json\/wp\/v2\/pages"}],"about":[{"href":"https:\/\/yzaz.net\/master\/wp-json\/wp\/v2\/types\/page"}],"author":[{"embeddable":true,"href":"https:\/\/yzaz.net\/master\/wp-json\/wp\/v2\/users\/1"}],"replies":[{"embeddable":true,"href":"https:\/\/yzaz.net\/master\/wp-json\/wp\/v2\/comments?post=153"}],"version-history":[{"count":7,"href":"https:\/\/yzaz.net\/master\/wp-json\/wp\/v2\/pages\/153\/revisions"}],"predecessor-version":[{"id":612,"href":"https:\/\/yzaz.net\/master\/wp-json\/wp\/v2\/pages\/153\/revisions\/612"}],"wp:attachment":[{"href":"https:\/\/yzaz.net\/master\/wp-json\/wp\/v2\/media?parent=153"}],"curies":[{"name":"wp","href":"https:\/\/api.w.org\/{rel}","templated":true}]}}