{"id":489,"date":"2020-12-13T13:36:30","date_gmt":"2020-12-13T13:36:30","guid":{"rendered":"http:\/\/med-space.org\/youssef-zaz-master\/?page_id=489"},"modified":"2020-12-13T18:08:32","modified_gmt":"2020-12-13T18:08:32","slug":"types-images","status":"publish","type":"page","link":"https:\/\/yzaz.net\/master\/types-images\/","title":{"rendered":"Types d&#8217;images les plus utilis\u00e9es"},"content":{"rendered":"<h3><strong>1. JPEG (ou JPG) \u2014 Joint Photographic Experts Group<\/strong><\/h3>\n<p>Un format de fichier d\u2019images matricielles avec une compression avec perte qui le rend adapt\u00e9 au partage d\u2019images. La taille du fichier JPEG r\u00e9duite par rapport aux autres type, mais aussi la qualit\u00e9 des images est moins bonne.<br \/>\nLe JPEG reste l\u2019un des types de fichiers d\u2019image les plus utilis\u00e9s sur Internet en raison de sa compression et de la prise en charge quasi universelle par les navigateurs et les syst\u00e8mes d\u2019exploitation.<br \/>\nLa plupart des plateformes de r\u00e9seaux sociaux transforment automatiquement les fichiers d\u2019images t\u00e9l\u00e9charg\u00e9es en JPEG. Elles utilisent \u00e9galement des tailles d\u2019image uniques pour les r\u00e9seaux sociaux afin de contr\u00f4ler la r\u00e9solution des photos.<br \/>\n<strong>Avantages et inconv\u00e9nients<\/strong><br \/>\n\u2022 Support\u00e9es par la totalit\u00e9 des navigateurs, les logciels de dessin et les syst\u00e8mes d\u2019exploitation.<br \/>\n\u2022 Taille de fichier assez faible.<br \/>\n\u2022 Une compression d\u2019image avec perte peut entra\u00eener un artfact (effet ind\u00e9sirable \u00e0 cot\u00e9 des coutours des objets) se qui peut entrainer une mauvaise lisibilit\u00e9 du texte.<br \/>\n\u2022 Ne g\u00e8re pas la transparence.<\/p>\n<h3><strong>2. PNG \u2014 Portable Network Graphics<\/strong><\/h3>\n<p>Le format PNG utilise la compression sans perte, en maintenant les d\u00e9tails et le contraste entre les couleurs.<br \/>\nEn particulier, le PNG offre une bien meilleure lisibilit\u00e9 du texte que le JPEG.<br \/>\nCela fait du PNG un choix plus populaire pour les conceptions infographiques (Banni\u00e8res, affiches, conceptions web&#8230;).<br \/>\nAvantages et inconv\u00e9nients<br \/>\n\u2022 Support\u00e9es par la totalit\u00e9 des navigateurs, les logciels de dessin et les syst\u00e8mes d\u2019exploitation.<br \/>\n\u2022 Images de meilleure qualit\u00e9 (sans perte) et texte clairement visible.<br \/>\n\u2022 G\u00e8re la transparence.<br \/>\n\u2022 Les fichiers de grande taille peuvent ralentir votre site web s\u2019ils sont trop utilis\u00e9s (en particulier les images de haute d\u00e9finition).<\/p>\n<h3><strong>3. GIF \u2014 Graphics Interchange Format<\/strong><\/h3>\n<p>Le GIF est un autre type de fichier image relevant du format matriciel. Il utilise une compression sans perte mais \u00ab contraint \u00bb l\u2019image \u00e0 8 bits par pixel et une palette limit\u00e9e \u00e0 256 couleurs.<br \/>\nLe format GIF est le plus connu (et le plus utilis\u00e9) pour les images anim\u00e9es car sa limitation \u00e0 8 bits permet de conserver des fichiers d\u2019animations de petite taille et faciles \u00e0 utiliser sur Internet.<br \/>\nAvantages et inconv\u00e9nients<br \/>\n\u2022 Faible taille de fichier.<br \/>\n\u2022 Support de l\u2019animation.<br \/>\n\u2022 La limitation \u00e0 8 bits entra\u00eene une qualit\u00e9 d\u2019image limit\u00e9e.<\/p>\n<h3><strong>4. WebP<\/strong><\/h3>\n<p>WebP est un format d\u2019image d\u00e9velopp\u00e9 sp\u00e9cifiquement pour permettre une meilleure compression des images sans perte et avec perte.<br \/>\nLe passage du format JPEG et PNG au format WebP peut permettre d\u2019\u00e9conomiser de l\u2019espace disque sur le serveur et une bande passante importante, avec des fichiers d\u2019images jusqu\u2019\u00e0 35 % plus petits pour une qualit\u00e9 identique.<br \/>\n<strong>Avantages et inconv\u00e9nients<\/strong><br \/>\n\u2022 Des fichiers plus petits pour une qualit\u00e9 d\u2019image identique ou sup\u00e9rieure.<br \/>\n\u2022 Non support\u00e9 par tous les navigateurs et \u00e9diteurs d\u2019images.<\/p>\n<h3>5. TIFF<\/h3>\n<p>TIFF, ou <em>Tagged Image File Format<\/em>, est un format d\u2019images matricielles le plus couramment utilis\u00e9 pour le stockage et l\u2019\u00e9dition d\u2019images qui seront ensuite utilis\u00e9es pour l\u2019impression.<br \/>\nIl n\u2019offre aucune compression car la priorit\u00e9 est de pr\u00e9server la qualit\u00e9 de l\u2019image.<br \/>\n<strong>Avantages et inconv\u00e9nients<\/strong><br \/>\n\u2022 Fichiers de haute qualit\u00e9, parfaits pour le stockage ou l\u2019\u00e9dition imprim\u00e9e.<br \/>\n\u2022 L\u2019absence d\u2019options de compression conduit \u00e0 des fichiers d\u2019images volumineux.<br \/>\n\u2022 Utilis\u00e9 par de nombreux scanners pour pr\u00e9server la qualit\u00e9 des documents ou des images scann\u00e9s.<br \/>\n\u2022 N&#8217;est pas recommand\u00e9 pour le web.<\/p>\n<h3>6. BMP \u2014 Bitmap<\/h3>\n<p>Bitmap (BMP) est un format de fichier d\u2019image obsol\u00e8te qui permet de cartographier des pixels individuels avec peu ou pas de compression. Cela signifie que les fichiers BMP peuvent facilement devenir extr\u00eamement volumineux et sont peu pratiques \u00e0 stocker ou \u00e0 manipuler.<br \/>\nAvantages et inconv\u00e9nients<br \/>\n\u2022 De grand taille des fichiers sans gain de qualit\u00e9 notable par rapport aux formats comme WebP, GIF ou PNG.<br \/>\n\u2022 Support\u00e9 par tous les navigateurs ,les \u00e9diteurs d\u2019images et les syst\u00e8mes d\u2019exploitation.<\/p>\n<h3>7. Format HEIF<\/h3>\n<p>HEIF, abr\u00e9viation de High Efficiency Image File Format, est un format d\u2019images d\u00e9velopp\u00e9 par l\u2019\u00e9quipe \u00e0 l\u2019origine du format vid\u00e9o MPEG pour \u00eatre un concurrent direct du JPEG.<br \/>\nLa compression est presque deux fois plus efficace que le JPEG, ce qui permet d\u2019obtenir des images de qualit\u00e9 double avec des tailles de fichiers identiques.<br \/>\nIl s\u2019agit d\u2019un format d\u2019image matricielle, bas\u00e9 sur le pixel mapping, ce qui signifie que vous ne pouvez pas augmenter l\u2019\u00e9chelle des images sans perdre en qualit\u00e9.<br \/>\n<strong>Avantages et inconv\u00e9nients<\/strong><br \/>\n\u2022 Excellent rapport qualit\u00e9\/taille de fichier.<br \/>\n\u2022 Aucun navigateur et support limit\u00e9 du syst\u00e8me d\u2019exploitation.<\/p>\n<h3>8. SVG \u2014 Scalable Vector Graphics<\/h3>\n<p>SVG ou <em> Scalable Vector Graphic<\/em>s, a \u00e9t\u00e9 d\u00e9velopp\u00e9 par le W3C comme un langage de balisage pour rendre des images bidimensionnelles directement dans le navigateur.<br \/>\nIl ne s\u2019appuie pas sur des pixels comme un format matriciel, mais utilise le XML pour d\u00e9limiter des formes et des lignes de la m\u00eame mani\u00e8re que les \u00e9quations math\u00e9matiques cr\u00e9ent des graphiques.<br \/>\nOn peut mettre \u00e0 l\u2019\u00e9chelle les images SVG sans perte de qualit\u00e9.<br \/>\n<strong>Avantages et inconv\u00e9nients:<\/strong><br \/>\n\u2022 Fichiers de petite taille et mise \u00e0 l\u2019\u00e9chelle sans perte pour les illustrations, les formes et le texte simples.<br \/>\n\u2022 Ce n\u2019est pas un format id\u00e9al pour les images ou les dessins complexes.<br \/>\n\u2022 Support\u00e9 par tous les principaux navigateurs.<br \/>\n\u2022 Les \u00e9diteurs d\u2019images par d\u00e9faut ont tendance \u00e0 ne pas prendre en charge le SVG, mais la plupart des logiciels d\u2019illustration prennent en charge les exportations SVG.<br \/>\n\u2022 Le SVG est le format id\u00e9al pour les logos, les ic\u00f4nes, les illustrations simples.<\/p>\n<h3>9. EPS \u2014 Encapsulated Postscript<\/h3>\n<p>EPS ou <em>Encapsulated PostScript<\/em> est un fichier d\u2019image vectorielle utilis\u00e9 pour stocker des illustrations dans Adobe Illustrator et d\u2019autres logiciels d\u2019illustration comme CorelDraw.<br \/>\nLes fichiers EPS prennent en charge la mise \u00e0 l\u2019\u00e9chelle sans perte.<br \/>\n<strong>Avantages et inconv\u00e9nients<\/strong><br \/>\n\u2022 Mise \u00e0 l\u2019\u00e9chelle sans perte.<br \/>\n\u2022 Support d\u2019impression de documents et de dessins.<br \/>\n\u2022 EPS n\u2019est pas un format de fichier d\u2019image web standard et n\u2019est pas support\u00e9 par les principaux navigateurs.<\/p>\n<p><strong>10. PDF \u2014 Portable Document Format<\/strong><\/p>\n<p>Les fichiers PDF serts pour l\u2019enregistrement et \u00e0 la lecture de documents essentiellement textuels.<br \/>\nLes fichiers PDF sont en fait bas\u00e9s sur le langage PostScript qui alimente les fichiers d\u2019images vectorielles EPS et qui peut \u00e9galement \u00eatre utilis\u00e9 pour enregistrer des images et des illustrations.<br \/>\nC\u2019est le format d\u2019image de choix pour stocker des illustrations, des couvertures de magazines.<br \/>\n<strong>Avantages et inconv\u00e9nients:<\/strong><br \/>\n\u2022 Le texte indexable pouvant \u00eatre recherch\u00e9 le rend parfait pour des infographies ou des rapports approfondis.<br \/>\n\u2022 Peut inclure des liens, des boutons d\u2019appel \u00e0 action et d\u2019autres \u00e9l\u00e9ments interactifs.<br \/>\n\u2022 Une mise \u00e0 l\u2019\u00e9chelle sans perte.<br \/>\n\u2022 Ne peut pas \u00eatre inclus dans du contenu web, doit \u00eatre charg\u00e9 et lu comme un fichier s\u00e9par\u00e9.<\/p>\n<h3>11. PSD \u2014 Photoshop Document<\/h3>\n<p>Le format de fichier PSD est un format d\u2019image utilis\u00e9 par Adobe Photoshop.<br \/>\nCe n\u2019est pas un format d\u2019image adapt\u00e9 au web, il n\u2019est support\u00e9 par aucun navigateur, ni par aucun visualiseur ou \u00e9diteur d\u2019images standard.<br \/>\n<strong>Avantages et inconv\u00e9nients<\/strong><br \/>\n\u2022 Tous les filtres, la transparence, les chemins et les modifications sont enti\u00e8rement personnalisables et r\u00e9versibles.<br \/>\n\u2022 Qualit\u00e9 d\u2019image sans perte.<br \/>\n\u2022 Fichiers de grande taille.<\/p>\n<h3>12. AI \u2014 Adobe Illustrator<\/h3>\n<p>AI est un format d\u2019image sp\u00e9cifiquement de Adobe Illustrator.Il n\u2019est pas destin\u00e9 \u00e0 \u00eatre utilis\u00e9 sur le web et n\u2019est support\u00e9 par aucun navigateur, ni par la plupart des visionneuses d\u2019images par d\u00e9faut.<\/p>\n<p><strong>Avantages et inconv\u00e9nients:<\/strong><br \/>\n\u2022 Tous les traits, lignes, formes, filtres, sont personnalisables et r\u00e9versibles.<br \/>\n\u2022 La taille des illustrations peut \u00eatre augment\u00e9e ou r\u00e9duite librement.<br \/>\n\u2022 Fichiers de grande taille.<br \/>\n\u2022 N&#8217;est pas support\u00e9e par les navigateurs.<\/p>\n<h3>13. XCF &#8211; format de GIMP<\/h3>\n<p>XCF ou<em> eXperimental Computing Facility<\/em>, est un type de fichier d\u2019images natif de l\u2019\u00e9diteur d\u2019image Open Source GIMP. C\u2019est l\u2019\u00e9quivalent des fichiers PSD et il permet d\u2019enregistrer les chemins, la transparence, les filtres, etc.<\/p>\n<p>Avantages et inconv\u00e9nients<br \/>\n\u2022 Tous les chemins, filtres et formes sont personnalisables et r\u00e9versibles.<br \/>\n\u2022 Qualit\u00e9 d\u2019image sans perte.<br \/>\n\u2022 Fichiers de grande taille.<br \/>\nCas d\u2019utilisation<br \/>\n\u2022 Enregistrement et stockage des projets GIMP avant et apr\u00e8s leur finalisation.<\/p>\n<h3>14. INDD \u2014 Adobe InDesign Document<\/h3>\n<p>INDD est un type de fichier natif d\u2019Adobe InDesign. Vous pouvez enregistrer des fichiers de projet comprenant le contenu des pages, les styles, &#8230;.<br \/>\nIl n\u2019est support\u00e9 par aucun navigateur ou visionneur d\u2019images par d\u00e9faut, car ce n\u2019est pas un format s\u00fbr pour le web.<br \/>\n<strong>Avantages et inconv\u00e9nients:<\/strong><br \/>\n\u2022 Stockez de grands projets de conception de plusieurs pages avec des \u00e9l\u00e9ments personnalisables.<br \/>\n\u2022 N&#8217;est pas adapt\u00e9 pour le web.<\/p>\n<h3>15. RAW: Images bruts<\/h3>\n<p>Les formats d\u2019images bruts (Raw) sont les types de fichiers qu\u2019un appareil photo num\u00e9rique utilise pour stocker des images de pleine qualit\u00e9 en vue d\u2019une post-production et d\u2019un montage ult\u00e9rieurs.<br \/>\nPrincipaux types de fichiers d\u2019images bruts par fabricant d\u2019appareils photo :<br \/>\n\u2022 Kodak : CR, K25, KDC<br \/>\n\u2022 Canon : CRW CR2 CR3<br \/>\n\u2022 Epson : ERF<br \/>\n\u2022 Nikon : NEF NRW<br \/>\n\u2022 Olympe : ORF<br \/>\n\u2022 Pentax : PEF<br \/>\n\u2022 Panasonic : RW2<br \/>\n\u2022 Sony : ARW, SRF, SR2<\/p>\n<p><strong>Avantages et inconv\u00e9nients:<\/strong><br \/>\n\u2022 Des images de meilleure qualit\u00e9 avec une plus grande variabilit\u00e9 des couleurs.<br \/>\n\u2022 Sauvegarde des photos dans la meilleure qualit\u00e9 possible pour la post-production et l\u2019\u00e9dition.<br \/>\n\u2022 N&#8217;est pas adapt\u00e9 pour le web.<\/p>\n","protected":false},"excerpt":{"rendered":"<div class=\"mh-excerpt\"><p>1. JPEG (ou JPG) \u2014 Joint Photographic Experts Group Un format de fichier d\u2019images matricielles avec une compression avec perte qui le rend adapt\u00e9 au <a class=\"mh-excerpt-more\" href=\"https:\/\/yzaz.net\/master\/types-images\/\" title=\"Types d&#8217;images les plus utilis\u00e9es\">[&#8230;]<\/a><\/p>\n<\/div>","protected":false},"author":1,"featured_media":0,"parent":0,"menu_order":28,"comment_status":"closed","ping_status":"closed","template":"","meta":{"footnotes":""},"_links":{"self":[{"href":"https:\/\/yzaz.net\/master\/wp-json\/wp\/v2\/pages\/489"}],"collection":[{"href":"https:\/\/yzaz.net\/master\/wp-json\/wp\/v2\/pages"}],"about":[{"href":"https:\/\/yzaz.net\/master\/wp-json\/wp\/v2\/types\/page"}],"author":[{"embeddable":true,"href":"https:\/\/yzaz.net\/master\/wp-json\/wp\/v2\/users\/1"}],"replies":[{"embeddable":true,"href":"https:\/\/yzaz.net\/master\/wp-json\/wp\/v2\/comments?post=489"}],"version-history":[{"count":1,"href":"https:\/\/yzaz.net\/master\/wp-json\/wp\/v2\/pages\/489\/revisions"}],"predecessor-version":[{"id":490,"href":"https:\/\/yzaz.net\/master\/wp-json\/wp\/v2\/pages\/489\/revisions\/490"}],"wp:attachment":[{"href":"https:\/\/yzaz.net\/master\/wp-json\/wp\/v2\/media?parent=489"}],"curies":[{"name":"wp","href":"https:\/\/api.w.org\/{rel}","templated":true}]}}