{"id":505,"date":"2020-12-13T17:44:56","date_gmt":"2020-12-13T17:44:56","guid":{"rendered":"http:\/\/med-space.org\/youssef-zaz-master\/?page_id=505"},"modified":"2020-12-13T18:07:44","modified_gmt":"2020-12-13T18:07:44","slug":"categories-images","status":"publish","type":"page","link":"https:\/\/yzaz.net\/master\/categories-images\/","title":{"rendered":"Cat\u00e9gories d&#8217;images"},"content":{"rendered":"<p>Il existe plusieurs cath\u00e9gories d&#8217;images. Cette classification est bas\u00e9e sur la technologie utilis\u00e9e pour obtenir ces images.<\/p>\n<h3>Image thermique (ou infrarouge)<\/h3>\n<p>La thermographie, encore appel\u00e9e thermographie infrarouge, est une technique permettant d&#8217;obtenir l&#8217;image thermique d&#8217;une sc\u00e8ne observ\u00e9e dans l&#8217;infrarouge, au moyen d&#8217;un appareillage appropri\u00e9. Cette technique est particuli\u00e8rement utilis\u00e9e en surveillance industrielle pour d\u00e9tecter des pannes. Par exemple, un mauvais contact ou un d\u00e9but de court-circuit dans une installation \u00e9lectrique cr\u00e9e un \u00e9chauffement anormal imm\u00e9diatement rep\u00e9r\u00e9. C&#8217;est aussi le cas d&#8217;un composant d\u00e9fectueux sur une carte \u00e9lectronique. En fournissant une image, la thermographie permet de localiser les pannes potentielles sur un appareil en fonctionnement. Elle aussi largement utilis\u00e9e en m\u00e9decine, pour d\u00e9tecter la temp\u00e9rature \u00e0 distance, ou en recherche et d\u00e9veloppement.<\/p>\n<p><img loading=\"lazy\" decoding=\"async\" class=\"aligncenter wp-image-492 \" src=\"http:\/\/med-space.org\/youssef-zaz-master\/wp-content\/uploads\/2020\/12\/thermo-camera.jpg\" alt=\"\" width=\"448\" height=\"294\" \/><\/p>\n<h3>Image IRM<\/h3>\n<p>IRM signifie imagerie par r\u00e9sonance magn\u00e9tique. Elle utilise un champ magn\u00e9tique et des ondes radio. Son principe consiste \u00e0 r\u00e9aliser des images gr\u00e2ce aux nombreux atomes d&#8217;hydrog\u00e8ne qu&#8217;il contient. Plac\u00e9s dans un puissant champ magn\u00e9tique, tous les atomes d&#8217;hydrog\u00e8ne s&#8217;orientent dans la m\u00eame direction : ils sont alors excit\u00e9s par des ondes radio durant une tr\u00e8s courte p\u00e9riode. A l&#8217;arr\u00eat de cette stimulation, les atomes restituent l&#8217;\u00e9nergie accumul\u00e9e en produisant un signal qui est enregistr\u00e9 et trait\u00e9 sous forme d&#8217;image num\u00e9rique.<\/p>\n<p><img loading=\"lazy\" decoding=\"async\" class=\"aligncenter wp-image-494 \" src=\"http:\/\/med-space.org\/youssef-zaz-master\/wp-content\/uploads\/2020\/12\/image-IRM-768x1024.jpg\" alt=\"\" width=\"342\" height=\"524\" \/><\/p>\n<p>\u2013 les capteurs chimiques : syst\u00e8mes biologique (\u0153il)<br \/>\n\u2013 les films photographiques<br \/>\n\u2013 les capteurs photo\u00e9lectriques (photo-diodes, CCD : Charged Coupled Device ou Dispositif \u00e0 Transfert de Charge)<br \/>\n\u2013 les appareils num\u00e9riques<br \/>\n\u2022 D&#8217;autres capteurs :<br \/>\n\u2013 en imagerie m\u00e9dicale : IRM, tomographie, \u2026<br \/>\n\u2013 Imagerie sismique<\/p>\n","protected":false},"excerpt":{"rendered":"<div class=\"mh-excerpt\"><p>Il existe plusieurs cath\u00e9gories d&#8217;images. Cette classification est bas\u00e9e sur la technologie utilis\u00e9e pour obtenir ces images. Image thermique (ou infrarouge) La thermographie, encore appel\u00e9e <a class=\"mh-excerpt-more\" href=\"https:\/\/yzaz.net\/master\/categories-images\/\" title=\"Cat\u00e9gories d&#8217;images\">[&#8230;]<\/a><\/p>\n<\/div>","protected":false},"author":1,"featured_media":0,"parent":0,"menu_order":24,"comment_status":"closed","ping_status":"closed","template":"","meta":{"footnotes":""},"_links":{"self":[{"href":"https:\/\/yzaz.net\/master\/wp-json\/wp\/v2\/pages\/505"}],"collection":[{"href":"https:\/\/yzaz.net\/master\/wp-json\/wp\/v2\/pages"}],"about":[{"href":"https:\/\/yzaz.net\/master\/wp-json\/wp\/v2\/types\/page"}],"author":[{"embeddable":true,"href":"https:\/\/yzaz.net\/master\/wp-json\/wp\/v2\/users\/1"}],"replies":[{"embeddable":true,"href":"https:\/\/yzaz.net\/master\/wp-json\/wp\/v2\/comments?post=505"}],"version-history":[{"count":4,"href":"https:\/\/yzaz.net\/master\/wp-json\/wp\/v2\/pages\/505\/revisions"}],"predecessor-version":[{"id":517,"href":"https:\/\/yzaz.net\/master\/wp-json\/wp\/v2\/pages\/505\/revisions\/517"}],"wp:attachment":[{"href":"https:\/\/yzaz.net\/master\/wp-json\/wp\/v2\/media?parent=505"}],"curies":[{"name":"wp","href":"https:\/\/api.w.org\/{rel}","templated":true}]}}